{"id":67,"date":"2021-05-05T16:51:00","date_gmt":"2021-05-05T14:51:00","guid":{"rendered":"http:\/\/location-giens.com\/?page_id=67"},"modified":"2022-02-28T16:42:02","modified_gmt":"2022-02-28T15:42:02","slug":"la-destination","status":"publish","type":"page","link":"https:\/\/location-giens.com\/index.php\/la-destination\/","title":{"rendered":"La Destination"},"content":{"rendered":"\n<p>La presqu&rsquo;\u00eele de Giens saura s\u00e9duire tous les vacanciers, avec quelques-unes des plus belles plages et criques aux eaux turquoises du littoral M\u00e9diterran\u00e9en.<\/p>\n\n\n\n<div class=\"wp-block-image\"><figure class=\"aligncenter size-large is-resized\"><img loading=\"lazy\" src=\"http:\/\/location-giens.com\/wp-content\/uploads\/2021\/05\/IMG_3135-1024x768.jpg\" alt=\"\" class=\"wp-image-44\" width=\"342\" height=\"257\" srcset=\"https:\/\/location-giens.com\/wp-content\/uploads\/2021\/05\/IMG_3135-1024x768.jpg 1024w, https:\/\/location-giens.com\/wp-content\/uploads\/2021\/05\/IMG_3135-300x225.jpg 300w, https:\/\/location-giens.com\/wp-content\/uploads\/2021\/05\/IMG_3135-768x576.jpg 768w, https:\/\/location-giens.com\/wp-content\/uploads\/2021\/05\/IMG_3135-1536x1152.jpg 1536w, https:\/\/location-giens.com\/wp-content\/uploads\/2021\/05\/IMG_3135-2048x1536.jpg 2048w\" sizes=\"(max-width: 342px) 100vw, 342px\" \/><figcaption>A 5 minutes \u00e0 pieds de l&rsquo;appartement<\/figcaption><\/figure><\/div>\n\n\n\n<p>Un territoire qui semble tout juste rattach\u00e9 au continent du fait de la pr\u00e9sence des salins qui en font un site naturel remarquable et prot\u00e9g\u00e9, un pr\u00e9ambule id\u00e9al \u00e0 la visite des merveilleuses \u00eeles d&rsquo;Or: Porquerolles et Port-Cros. L&#8217;embarcad\u00e8re de la Tour Fondue pour les d\u00e9part se situe au bout de la presqu&rsquo;ile, \u00e0 2 km de notre r\u00e9sidence et le trajet dure seulement 15 minutes.<\/p>\n\n\n\n<p>Vous serez \u00e0 deux pas de la grande plage de sable de la Badine, et \u00e0 5 minutes de la plage de l&rsquo;Almanarre, le paradis des kitesurfeurs.<\/p>\n\n\n\n<figure class=\"wp-block-image size-large is-style-rounded\"><img loading=\"lazy\" width=\"1024\" height=\"298\" src=\"http:\/\/location-giens.com\/wp-content\/uploads\/2021\/05\/IMG_2222-1024x298.jpg\" alt=\"\" class=\"wp-image-41\" srcset=\"https:\/\/location-giens.com\/wp-content\/uploads\/2021\/05\/IMG_2222-1024x298.jpg 1024w, https:\/\/location-giens.com\/wp-content\/uploads\/2021\/05\/IMG_2222-300x87.jpg 300w, https:\/\/location-giens.com\/wp-content\/uploads\/2021\/05\/IMG_2222-768x223.jpg 768w, https:\/\/location-giens.com\/wp-content\/uploads\/2021\/05\/IMG_2222-1536x447.jpg 1536w, https:\/\/location-giens.com\/wp-content\/uploads\/2021\/05\/IMG_2222-2048x595.jpg 2048w\" sizes=\"(max-width: 767px) 89vw, (max-width: 1000px) 54vw, (max-width: 1071px) 543px, 580px\" \/><\/figure>\n\n\n\n<p>Pour les amoureux de la nature vous pourrez profiter de ballades le long de la route du sel \u00e0 pieds ou \u00e0 v\u00e9lo et observer une faune unique avec 80 esp\u00e8ces d&rsquo;oiseaux, notamment les flamands roses: on en r\u00e9pertorie 800 en hiver.<\/p>\n\n\n\n<div class=\"wp-block-image\"><figure class=\"aligncenter size-medium\"><img loading=\"lazy\" width=\"300\" height=\"225\" src=\"https:\/\/location-giens.com\/wp-content\/uploads\/2022\/02\/Almanarre-sunset-reflet-1-300x225.jpeg\" alt=\"plage de l'Almanarre coucher du soleil\" class=\"wp-image-308\" srcset=\"https:\/\/location-giens.com\/wp-content\/uploads\/2022\/02\/Almanarre-sunset-reflet-1-300x225.jpeg 300w, https:\/\/location-giens.com\/wp-content\/uploads\/2022\/02\/Almanarre-sunset-reflet-1-1024x768.jpeg 1024w, https:\/\/location-giens.com\/wp-content\/uploads\/2022\/02\/Almanarre-sunset-reflet-1-768x576.jpeg 768w, https:\/\/location-giens.com\/wp-content\/uploads\/2022\/02\/Almanarre-sunset-reflet-1-1536x1152.jpeg 1536w, https:\/\/location-giens.com\/wp-content\/uploads\/2022\/02\/Almanarre-sunset-reflet-1-2048x1536.jpeg 2048w\" sizes=\"(max-width: 300px) 100vw, 300px\" \/><figcaption>Plage de l&rsquo;Almanarre au coucher du soleil<\/figcaption><\/figure><\/div>\n\n\n\n<p>Nous recommandons un petit tour au village de Giens qui reste tr\u00e8s typique, au port du Niel o\u00f9 vous pourrez acheter la p\u00eaches du jour le matin directement aux quais, le port de la madrague d&rsquo;o\u00f9 d\u00e9bute la tr\u00e8s belle randonn\u00e9e du sentier du littoral (3 heures &#8211; nombreuses criques accessibles pour la baignade).<\/p>\n\n\n\n<blockquote class=\"wp-block-quote\"><p><span style=\"color:#216c8c\" class=\"has-inline-color\"><strong>Plus d\u2019informations sur la destination:<\/strong> <em> <\/em><br><em><a rel=\"noreferrer noopener\" href=\"https:\/\/www.hyeres-tourisme.com\/\" target=\"_blank\">Office du Tourisme de Hy\u00e8res<\/a><\/em><\/span><br><\/p><\/blockquote>\n\n\n\n<p><\/p>\n\n\n\n<p><\/p>\n","protected":false},"excerpt":{"rendered":"<p>La presqu&rsquo;\u00eele de Giens saura s\u00e9duire tous les vacanciers, avec quelques-unes des plus belles plages et criques aux eaux turquoises du littoral M\u00e9diterran\u00e9en. Un territoire qui semble tout juste rattach\u00e9 au continent du fait de la pr\u00e9sence des salins qui en font un site naturel remarquable et prot\u00e9g\u00e9, un pr\u00e9ambule id\u00e9al \u00e0 la visite des &hellip; <\/p>\n<p class=\"link-more\"><a href=\"https:\/\/location-giens.com\/index.php\/la-destination\/\" class=\"more-link\">Continuer la lecture<span class=\"screen-reader-text\"> de &laquo;&nbsp;La Destination&nbsp;&raquo;<\/span><\/a><\/p>\n","protected":false},"author":1,"featured_media":40,"parent":0,"menu_order":2,"comment_status":"closed","ping_status":"closed","template":"","meta":[],"_links":{"self":[{"href":"https:\/\/location-giens.com\/index.php\/wp-json\/wp\/v2\/pages\/67"}],"collection":[{"href":"https:\/\/location-giens.com\/index.php\/wp-json\/wp\/v2\/pages"}],"about":[{"href":"https:\/\/location-giens.com\/index.php\/wp-json\/wp\/v2\/types\/page"}],"author":[{"embeddable":true,"href":"https:\/\/location-giens.com\/index.php\/wp-json\/wp\/v2\/users\/1"}],"replies":[{"embeddable":true,"href":"https:\/\/location-giens.com\/index.php\/wp-json\/wp\/v2\/comments?post=67"}],"version-history":[{"count":13,"href":"https:\/\/location-giens.com\/index.php\/wp-json\/wp\/v2\/pages\/67\/revisions"}],"predecessor-version":[{"id":318,"href":"https:\/\/location-giens.com\/index.php\/wp-json\/wp\/v2\/pages\/67\/revisions\/318"}],"wp:featuredmedia":[{"embeddable":true,"href":"https:\/\/location-giens.com\/index.php\/wp-json\/wp\/v2\/media\/40"}],"wp:attachment":[{"href":"https:\/\/location-giens.com\/index.php\/wp-json\/wp\/v2\/media?parent=67"}],"curies":[{"name":"wp","href":"https:\/\/api.w.org\/{rel}","templated":true}]}}